{"id":108,"date":"2016-04-10T09:04:33","date_gmt":"2016-04-10T08:04:33","guid":{"rendered":"http:\/\/www.epicura.biz\/new\/?page_id=108"},"modified":"2016-04-10T09:29:05","modified_gmt":"2016-04-10T08:29:05","slug":"conditions-generales-de-vente","status":"publish","type":"page","link":"http:\/\/www.epicura.biz\/new\/fr\/conditions-generales-de-vente\/","title":{"rendered":"Conditions g\u00e9n\u00e9rales de vente"},"content":{"rendered":"<h2 class=\"western\">Article 1 &#8211; CHAMP D&rsquo;APPLICATION<\/h2>\n<h3 class=\"western\">Les pr\u00e9sentes conditions g\u00e9n\u00e9rales de vente s&rsquo;appliquent de fa\u00e7on exclusive \u00e0 toutes les ventes conclues par Epicura S\u00e0rl par le biais du site Internet http:\/\/www.epicura.biz.<\/h3>\n<p>&nbsp;<\/p>\n<h2 class=\"western\">Article 2 &#8211; INFORMATIONS SUR LES PRODUITS<\/h2>\n<h3 class=\"western\">La soci\u00e9t\u00e9 Epicura S\u00e0rl pr\u00e9sente sur son site epicura.biz les produits \u00e0 vendre avec leurs caract\u00e9ristiques essentielles. Le choix et l&rsquo;achat d&rsquo;un produit sont plac\u00e9s sous l&rsquo;unique responsabilit\u00e9 de l&rsquo;acheteur.<\/h3>\n<p>&nbsp;<\/p>\n<h2 class=\"western\">Article 3 \u2013 MODALITES DE COMMANDES<\/h2>\n<h3 class=\"western\">Epicura S\u00e0rl ne livre que sur le territoire helv\u00e9tique. La soci\u00e9t\u00e9 se r\u00e9serve le droit de ne pas accepter une commande, de rembourser tout versement sans donner de justification. Epicura S\u00e0rl garantit qu&rsquo;elle ne transmettra pas les donn\u00e9es de ses clients \u00e0 des tiers \u00e0 des fins commerciales ou publicitaires.<\/h3>\n<p>&nbsp;<\/p>\n<h2 class=\"western\">Article 4 &#8211; PRIX<\/h2>\n<h3 class=\"western\">Les prix indiqu\u00e9s en francs suisses sur le bulletin de commande sont indiqu\u00e9s toutes taxes comprises. S&rsquo;y ajoutent les frais de port et d&#8217;emballage.<\/h3>\n<p>&nbsp;<\/p>\n<h2 class=\"western\">Article 5 &#8211; MODALITES DE LIVRAISON &#8211; DELAIS<\/h2>\n<h3 class=\"western\">Les commandes sont achemin\u00e9es par LA POSTE suisse. Les d\u00e9lais d&rsquo;exp\u00e9dition d\u00e9pendent de la disponibilit\u00e9 des produits command\u00e9s (exprim\u00e9e en jours ouvrables, hors samedi, dimanche et jours f\u00e9ri\u00e9s) et s&rsquo;entendent \u00e0 partir de la validation de votre commande. Les livraisons sont op\u00e9r\u00e9es dans l&rsquo;ordre d&rsquo;arriv\u00e9e des commandes. La livraison est dans la mesure du possible effectu\u00e9e dans les trois \u00e0 dix jours. En cas d&rsquo;impossibilit\u00e9 le client en sera avis\u00e9.<\/h3>\n<p>&nbsp;<\/p>\n<h2 class=\"western\">Article 6 &#8211; GARANTIE<\/h2>\n<h3 class=\"western\">Le client dispose d\u2019un d\u00e9lai dix jours francs \u00e0 compter de la livraison pour retourner toute marchandise d\u00e9fectueuse. Durant ce d\u00e9lai, la marchandise lui sera remplac\u00e9e et les frais de retour lui seront rembours\u00e9s \u00e0 hauteur des frais d&rsquo;envoi. Dans ce cas le client est pri\u00e9 de joindre \u00e0 la marchandise retourn\u00e9e un bulletin de versement postal ou une adresse bancaire pour le remboursement. Les renvois en \u00abport pay\u00e9 par le destinataire\u00bb ou \u00abcontre remboursement\u00bb seront toutefois refus\u00e9s. Les produits devront \u00eatre r\u00e9exp\u00e9di\u00e9s \u00e0 :<\/h3>\n<h3 class=\"western\">Epicura S\u00e0rl<br \/>\nRue de Mazerette 23<br \/>\nCH \u2013 1950 Sion<\/h3>\n<h3 class=\"western\">Sont exclus de cette garantie les articles ouverts ou d\u00e9cachet\u00e9s, les articles endommag\u00e9s chez le client ou durant le transport. Epicura S\u00e0rl ne reprend que des produits d\u00e9fectueux.<\/h3>\n<h3 class=\"western\"><\/h3>\n<p>&nbsp;<\/p>\n<h2 class=\"western\">Article 7 &#8211; PAIEMENT<\/h2>\n<h3 class=\"western\">Le paiement sera effectu\u00e9 dans les 30 jours par virement bancaire au compte d&rsquo;Epicura S\u00e0rl ou au moyen du bulletin de versement joint \u00e0 la commande. Le premier rappel apr\u00e8s 30 jours n&rsquo;est pas factur\u00e9. Le second rappel augmentera de 10 frs. la facture non r\u00e9gl\u00e9e, le second rappel de 25 frs. Si la facture n&rsquo;est toujours pas r\u00e9gl\u00e9e suite au second rappel, des poursuites et\/ou autres mesures de recouvrement seront engag\u00e9es.<\/h3>\n<h3 class=\"western\"><\/h3>\n<p>&nbsp;<\/p>\n<h2 class=\"western\">Article 8 &#8211; RESERVE DE PROPRIETE<\/h2>\n<h3 class=\"western\">Les marchandises livr\u00e9es demeurent la propri\u00e9t\u00e9 d&rsquo;Epicura S\u00e0rl jusqu&rsquo;au paiement int\u00e9gral de leur prix. Le transfert de propri\u00e9t\u00e9 des produits au profit de l&rsquo;acqu\u00e9reur, ne sera r\u00e9alis\u00e9 qu&rsquo;apr\u00e8s complet paiement du prix par ce dernier, et ce quelle que soit la date de livraison desdits produits. D\u00e8s la livraison, les produits sont plac\u00e9s sous la responsabilit\u00e9 du client qui supporte alors tous les risques, pertes ou dommages d\u2019assurance. Au cas o\u00f9 le client viendrait \u00e0 refuser une livraison, Epicura S\u00e0rl est en droit de lui r\u00e9clamer une indemnisation \u00e9gale au dommage subi par la soci\u00e9t\u00e9. En cas d\u2019avarie ou de manquant, le client doit faire toute contestation n\u00e9cessaire sur le bon de livraison et confirmer ses r\u00e9serves dans les deux jours par lettre recommand\u00e9e avec accus\u00e9 de r\u00e9ception aupr\u00e8s du transporteur avec copie des documents \u00e0 la soci\u00e9t\u00e9. Aucune r\u00e9clamation ne sera accept\u00e9e en cas de non-respect de ces formalit\u00e9s.<\/h3>\n<h3 class=\"western\"><\/h3>\n<p>&nbsp;<\/p>\n<h2 class=\"western\">Article 9 &#8211; ABSENCE DE RESPONSABILITE POUR LES DOMMAGES INDIRECTS<\/h2>\n<h3 class=\"western\">Dans toute la mesure permise par les lois applicables, Epicura S\u00e0rl ne pourra en aucun cas \u00eatre tenue responsable de tout dommage, de quelque nature que ce soit r\u00e9sultant de l\u2019utilisation ou de l\u2019impossibilit\u00e9 d\u2019utiliser un produit.<\/h3>\n<h3 class=\"western\"><\/h3>\n<p>&nbsp;<\/p>\n<h2 class=\"western\">Article 10 &#8211; ATTRIBUTION DE JURIDICTION<\/h2>\n<h3 class=\"western\">Le for juridique est \u00e0 Sion, Valais, Suisse.<\/h3>\n<h3 class=\"western\"><\/h3>\n<p>&nbsp;<\/p>\n<h2 class=\"western\">Article 11 &#8211; ACCEPTATION DE L&rsquo;ACHETEUR<\/h2>\n<h3 class=\"western\">Les pr\u00e9sentes conditions g\u00e9n\u00e9rales de vente ainsi que les tarifs sont express\u00e9ment agr\u00e9\u00e9s et accept\u00e9s par l&rsquo;acheteur, qui d\u00e9clare et reconna\u00eet en avoir une parfaite connaissance, et renonce, de ce fait, \u00e0 se pr\u00e9valoir de tout document contradictoire et, notamment, ses propres conditions g\u00e9n\u00e9rales d&rsquo;achat, l&rsquo;acte d&rsquo;achat entra\u00eenant acceptation des pr\u00e9sentes conditions g\u00e9n\u00e9rales de vente.<\/h3>\n<h3 class=\"western\"><\/h3>\n<h3 class=\"western\">Les pr\u00e9sentes conditions sont modifiables \u00e0 tout moment et sans pr\u00e9avis par Epicura S\u00e0rl, les modifications \u00e9tant alors applicables \u00e0 toutes commandes post\u00e9rieures.<\/h3>\n<h3 class=\"western\">Epicura S\u00e0rl<\/h3>\n","protected":false},"excerpt":{"rendered":"<p>Article 1 &#8211; CHAMP D&rsquo;APPLICATION Les pr\u00e9sentes conditions g\u00e9n\u00e9rales de vente s&rsquo;appliquent de fa\u00e7on exclusive \u00e0 toutes les ventes conclues par Epicura S\u00e0rl par le biais du site Internet http:\/\/www.epicura.biz. &nbsp; Article 2 &#8211; INFORMATIONS SUR LES PRODUITS La soci\u00e9t\u00e9 Epicura S\u00e0rl pr\u00e9sente sur son site epicura.biz les produits \u00e0 vendre avec leurs caract\u00e9ristiques essentielles. [&hellip;]<\/p>\n","protected":false},"author":2,"featured_media":0,"parent":0,"menu_order":0,"comment_status":"closed","ping_status":"closed","template":"","meta":[],"_links":{"self":[{"href":"http:\/\/www.epicura.biz\/new\/wp-json\/wp\/v2\/pages\/108"}],"collection":[{"href":"http:\/\/www.epicura.biz\/new\/wp-json\/wp\/v2\/pages"}],"about":[{"href":"http:\/\/www.epicura.biz\/new\/wp-json\/wp\/v2\/types\/page"}],"author":[{"embeddable":true,"href":"http:\/\/www.epicura.biz\/new\/wp-json\/wp\/v2\/users\/2"}],"replies":[{"embeddable":true,"href":"http:\/\/www.epicura.biz\/new\/wp-json\/wp\/v2\/comments?post=108"}],"version-history":[{"count":5,"href":"http:\/\/www.epicura.biz\/new\/wp-json\/wp\/v2\/pages\/108\/revisions"}],"predecessor-version":[{"id":114,"href":"http:\/\/www.epicura.biz\/new\/wp-json\/wp\/v2\/pages\/108\/revisions\/114"}],"wp:attachment":[{"href":"http:\/\/www.epicura.biz\/new\/wp-json\/wp\/v2\/media?parent=108"}],"curies":[{"name":"wp","href":"https:\/\/api.w.org\/{rel}","templated":true}]}}