{"id":296,"date":"2017-03-17T08:41:17","date_gmt":"2017-03-17T07:41:17","guid":{"rendered":"http:\/\/www.epicura.biz\/new\/fr\/produit\/jus-alimentaire-daloe-vera-copie\/"},"modified":"2023-09-30T16:42:21","modified_gmt":"2023-09-30T15:42:21","slug":"jus-alimentaire-daloe-vera-copie","status":"publish","type":"product","link":"http:\/\/www.epicura.biz\/new\/fr\/produit\/jus-alimentaire-daloe-vera-copie\/","title":{"rendered":"Jus alimentaire d&rsquo;Aloe vera"},"content":{"rendered":"","protected":false},"excerpt":{"rendered":"<p><span style=\"font-family: Arial, Helvetica;\">Le <b>jus d&rsquo;Aloe vera<\/b> propos\u00e9 se <\/span><span style=\"font-family: Arial, Helvetica;\">compose \u00e0 <strong>99.98%<\/strong> de la pulpe des feuilles d&rsquo;Aloe vera. <\/span><span style=\"font-family: Arial, Helvetica;\"><br \/>\nS&rsquo;y ajoute, pour une conservation prolong\u00e9e, un unique additif alimentaire, le sorbate de potassium (0.02%). Le \u00ab\u00a0sorbate\u00a0\u00bb tire son nom du sorbier (<i>Sorbus aucuparia<\/i>) dont on l&rsquo;avait d&rsquo;abord extrait.<\/span><span style=\"font-family: Arial, Helvetica;\"><br \/>\nCe produit de haute qualit\u00e9 n&rsquo;est ni filtr\u00e9, ni dilu\u00e9, ni reconstitu\u00e9. Il est disponible en grandes bouteilles de verre transparent (0.7 L) et en petites bouteilles de verre opaque (0.235 L).<\/span><\/p>\n<p><img loading=\"lazy\" class=\"size-medium wp-image-74\" src=\"http:\/\/www.epicura.biz\/new\/wp-content\/uploads\/2016\/04\/cultureavred-300x225.jpg\" alt=\"DIGITAL CAMERA\" width=\"300\" height=\"225\" srcset=\"http:\/\/www.epicura.biz\/new\/wp-content\/uploads\/2016\/04\/cultureavred-300x225.jpg 300w, http:\/\/www.epicura.biz\/new\/wp-content\/uploads\/2016\/04\/cultureavred-416x312.jpg 416w, http:\/\/www.epicura.biz\/new\/wp-content\/uploads\/2016\/04\/cultureavred.jpg 591w\" sizes=\"(max-width: 300px) 100vw, 300px\" \/><\/p>\n<p><span style=\"font-family: Arial, Helvetica;\"><span style=\"font-family: Helvetica,serif;\">Les champs d&rsquo;alo\u00e8s sont situ\u00e9s en for\u00eat, loin des villes et des principaux axes de communication. Les plantes d&rsquo;alo\u00e8s sont cultiv\u00e9es <b>selon des pratiques biologiques contr\u00f4l\u00e9es (certifi\u00e9es Bio Latina)<\/b>. Seul est pratiqu\u00e9 un amendement du sol par des engrais organiques. Aucun produit phytosanitaire n&rsquo;est autoris\u00e9 dans les cultures.<br \/>\nLes feuilles sont r\u00e9colt\u00e9es \u00e0 la main.<br \/>\n<\/span><br \/>\n<img loading=\"lazy\" class=\"alignnone size-full wp-image-75\" src=\"http:\/\/www.epicura.biz\/new\/wp-content\/uploads\/2016\/04\/global2007.jpg\" alt=\"global2007\" width=\"230\" height=\"173\" \/><\/span><\/p>\n<p><span style=\"font-family: Arial, Helvetica;\">Epicura S\u00e0rl a nou\u00e9 sur place puis entretenu avec la coop\u00e9rative une relation bas\u00e9e sur le respect, la confiance et l\u2019autonomie des parties. La coop\u00e9rative s\u2019est vou\u00e9e \u00e0 la production biologique de produits agricoles de haute qualit\u00e9. Epicura S\u00e0rl a apport\u00e9 son savoir-faire et contribu\u00e9 \u00e0 la formation des coop\u00e9rantes. <b>De plus, le jus est syst\u00e9matiquement contr\u00f4l\u00e9 avant sa commercialisation par un laboratoire sp\u00e9cialis\u00e9 en Suisse.<\/b><\/span><\/p>\n<p>Composition<br \/>\n&#8212;&#8212;&#8212;&#8212;&#8212;&#8212;&#8212;&#8212;&#8212;&#8212;&#8212;&#8212;&#8212;&#8212;&#8212;<br \/>\nJus d&rsquo;Aloe vera <em>Aloe barbadensis<\/em> Miller avec pulpe<br \/>\n(99.98%; provenance: Honduras),<br \/>\nsorbate de potassium (0,20g\/L, agent conservateur).<br \/>\nNon filtr\u00e9, non dilu\u00e9, non lyophilis\u00e9, non reconstitu\u00e9.<br \/>\nPasteuris\u00e9.<\/p>\n<p>Informations nutritionnelles (approximatives), par 100 ml<br \/>\n&#8212;&#8212;&#8212;&#8212;&#8212;&#8212;&#8212;&#8212;&#8212;&#8212;&#8212;&#8212;&#8212;&#8212;&#8212;<br \/>\nValeur \u00e9nerg\u00e9tique 13.7 kJ (3.3 kcal)<br \/>\nProt\u00e9ines : 0.1 g<br \/>\nGlucides : 0.4 g (dont sucre 0.1 g)<br \/>\nLipides : 0.10 g<br \/>\nSel : 0.01 g<\/p>\n<p>Conseils d&rsquo;utilisation<br \/>\n&#8212;&#8212;&#8212;&#8212;&#8212;&#8212;&#8212;&#8212;&#8212;&#8212;&#8212;&#8212;&#8212;&#8212;&#8212;<br \/>\n1 cuill\u00e8re \u00e0 soupe avant chaque repas.<br \/>\nCure de 3 \u00e0 6 semaines.<\/p>\n","protected":false},"featured_media":356,"comment_status":"open","ping_status":"closed","template":"","meta":[],"_links":{"self":[{"href":"http:\/\/www.epicura.biz\/new\/wp-json\/wp\/v2\/product\/296"}],"collection":[{"href":"http:\/\/www.epicura.biz\/new\/wp-json\/wp\/v2\/product"}],"about":[{"href":"http:\/\/www.epicura.biz\/new\/wp-json\/wp\/v2\/types\/product"}],"replies":[{"embeddable":true,"href":"http:\/\/www.epicura.biz\/new\/wp-json\/wp\/v2\/comments?post=296"}],"wp:featuredmedia":[{"embeddable":true,"href":"http:\/\/www.epicura.biz\/new\/wp-json\/wp\/v2\/media\/356"}],"wp:attachment":[{"href":"http:\/\/www.epicura.biz\/new\/wp-json\/wp\/v2\/media?parent=296"}],"curies":[{"name":"wp","href":"https:\/\/api.w.org\/{rel}","templated":true}]}}