{"id":594,"date":"2021-04-10T08:09:37","date_gmt":"2021-04-10T07:09:37","guid":{"rendered":"http:\/\/www.epicura.biz\/new\/?post_type=product&#038;p=594"},"modified":"2023-09-30T17:20:54","modified_gmt":"2023-09-30T16:20:54","slug":"jus-daloe-vera-0-235l","status":"publish","type":"product","link":"http:\/\/www.epicura.biz\/new\/fr\/produit\/jus-daloe-vera-0-235l\/","title":{"rendered":"Jus d&rsquo;Aloe vera 0.235L"},"content":{"rendered":"<p>Tous les bienfaits de l&rsquo;Aloe vera en jus alimentaire<\/p>\n<p>__________________________________<\/p>\n<p>Cette boisson se compose \u00e0 99.98% du jus de la pulpe des feuilles d\u2019alo\u00e8s (<em>Aloe vera<\/em> Linn\u00e9 ou <em>Aloe barbadensis<\/em> Miller) de cultures bio certifi\u00e9es.<\/p>\n<p>S\u2019y ajoute pour une conservation prolong\u00e9e un unique additif alimentaire, le sorbate de potassium. Le \u00ab sorbate \u00bb tire son nom du sorbier (<em>Sorbus aucuparia<\/em>) dont on l\u2019avait d\u2019abord extrait.<br \/>\nLa pulpe est extraite des feuilles \u00e0 la main et imm\u00e9diatement conditionn\u00e9e en gel de fa\u00e7on artisanale. De la r\u00e9colte \u00e0 la mise en bouteille finale, tout le travail est accompli dans la m\u00eame journ\u00e9e, afin de garantir la fra\u00eecheur du produit.<br \/>\nLe jus est syst\u00e9matiquement contr\u00f4l\u00e9 par un premier laboratoire sp\u00e9cialis\u00e9 au Honduras, puis par un second en Suisse. Ce produit de haute qualit\u00e9 n\u2019est ni filtr\u00e9, ni dilu\u00e9, ni lyophilis\u00e9, ni reconstitu\u00e9.<\/p>\n<p><b>Culture :<br \/>\n<\/b>Aussi bien les cultures que le conditionnement sont assur\u00e9s par une coop\u00e9rative de femmes dans des r\u00e9gions les plus pauvres du Honduras (\u00ab La Paz \u00bb). Les plantes d\u2019alo\u00e8s sont cultiv\u00e9es selon des pratiques biologiques contr\u00f4l\u00e9es et certifi\u00e9es. Aucun produit phytosanitaire n\u2019est utilis\u00e9 dans les cultures. Les feuilles sont r\u00e9colt\u00e9es \u00e0 la main.<\/p>\n<p>Composition<br \/>\n&#8212;&#8212;&#8212;&#8212;&#8212;&#8212;&#8212;&#8212;&#8212;&#8212;&#8212;&#8212;&#8212;&#8212;&#8212;<br \/>\nJus d&rsquo;Aloe vera <em>Aloe barbadensis<\/em> Miller avec pulpe<br \/>\n(99.98%; provenance: Honduras),<br \/>\nsorbate de potassium (0,20g\/L, agent conservateur).<br \/>\nNon filtr\u00e9, non dilu\u00e9, non lyophilis\u00e9, non reconstitu\u00e9.<br \/>\nPasteuris\u00e9.<\/p>\n<p>Informations nutritionnelles (approximatives), par 100 ml<br \/>\n&#8212;&#8212;&#8212;&#8212;&#8212;&#8212;&#8212;&#8212;&#8212;&#8212;&#8212;&#8212;&#8212;&#8212;&#8212;<br \/>\nValeur \u00e9nerg\u00e9tique 13.7 kJ (3.3 kcal)<br \/>\nProt\u00e9ines : 0.1 g<br \/>\nGlucides : 0.4 g (dont sucre 0.1 g)<br \/>\nLipides : 0.10 g<br \/>\nSel : 0.01 g<\/p>\n<p>Conseils d\u2019utilisation<br \/>\n\u2014\u2014\u2014\u2014\u2014\u2014\u2014\u2014\u2014\u2014\u2014\u2014\u2014\u2014\u2014<br \/>\n1 cuill\u00e8re \u00e0 soupe avant chaque repas.<br \/>\nCure de 3 \u00e0 6 semaines.<\/p>\n","protected":false},"excerpt":{"rendered":"<p>Tous les bienfaits de l&rsquo;Aloe vera en jus alimentaire __________________________________ Cette boisson se compose \u00e0 99.98% du jus de la pulpe des feuilles d\u2019alo\u00e8s (Aloe vera Linn\u00e9 ou Aloe barbadensis Miller) de cultures bio certifi\u00e9es. S\u2019y ajoute pour une conservation prolong\u00e9e un unique additif alimentaire, le sorbate de potassium. Le \u00ab sorbate \u00bb tire son [&hellip;]<\/p>\n","protected":false},"featured_media":589,"comment_status":"open","ping_status":"closed","template":"","meta":[],"_links":{"self":[{"href":"http:\/\/www.epicura.biz\/new\/wp-json\/wp\/v2\/product\/594"}],"collection":[{"href":"http:\/\/www.epicura.biz\/new\/wp-json\/wp\/v2\/product"}],"about":[{"href":"http:\/\/www.epicura.biz\/new\/wp-json\/wp\/v2\/types\/product"}],"replies":[{"embeddable":true,"href":"http:\/\/www.epicura.biz\/new\/wp-json\/wp\/v2\/comments?post=594"}],"wp:featuredmedia":[{"embeddable":true,"href":"http:\/\/www.epicura.biz\/new\/wp-json\/wp\/v2\/media\/589"}],"wp:attachment":[{"href":"http:\/\/www.epicura.biz\/new\/wp-json\/wp\/v2\/media?parent=594"}],"curies":[{"name":"wp","href":"https:\/\/api.w.org\/{rel}","templated":true}]}}