{"id":595,"date":"2021-04-10T08:15:35","date_gmt":"2021-04-10T07:15:35","guid":{"rendered":"http:\/\/www.epicura.biz\/new\/?post_type=product&#038;p=595"},"modified":"2023-09-30T17:17:29","modified_gmt":"2023-09-30T16:17:29","slug":"aloe-vera-saft-0-235l","status":"publish","type":"product","link":"http:\/\/www.epicura.biz\/new\/de\/produit\/aloe-vera-saft-0-235l\/","title":{"rendered":"Aloe vera Saft 0.235L"},"content":{"rendered":"<p>Alle Wohltaten der Aloe vera in einem Saft Getr\u00e4nk<\/p>\n<p>___________________________________<\/p>\n<div class=\"woocommerce-product-details__short-description\">Das Produkt, das hier ausgestellt und vermarktet wird, ist der Aloe vera Saft. Dieses Getr\u00e4nk ist zu <strong>99.98%<\/strong> reines Gel der Aloe vera Bl\u00e4tter.<br \/>\nDazu wird 0.02% Kaliumsorbat als einziges Konservierungsmittel hinzugef\u00fcgt.<br \/>\nDer Begriff \u00ab\u00a0Sorbat\u00a0\u00bb kommt aus dem lateinischen Namen der Vogelbeere (Eberesche, <i>Sorbus aucuparia<\/i>), woher die Sorbins\u00e4ure urspr\u00fcnglich extrahiert wurde.Die Aloe vera Felder strecken sich im Wald, weit von den St\u00e4dten und den Hauptstrassen. Die Aloe vera Pflanzen sind <b>nach kontrolliertem biologischen Anbau<\/b> kultiviert. Der Boden wird mit nat\u00fcrlichen D\u00fcngemitteln ged\u00fcngt. Keine synthetische Pflanzenchutz- oder D\u00fcngemittel werden eingesetzt. Die Bl\u00e4tter werden von Hand geerntet.<b>Das Gel ist von Hand aus den Bl\u00e4ttern extrahiert<\/b>, und dann sofort konditioniert. Der Saft ist dann pasteurisiert. Von der Ernte bis zur endlichen Flaschenabf\u00fcllung werden alle Konditionierungsschritte am selben Tag durchgef\u00fchrt, damit das Produkt frisch bleibt.<br \/>\nSowohl die Kultur als auch die Konditionierung f\u00fchrt<b> eine Frauenkooperative in einer der \u00e4rmsten Gegenden in Honduras<\/b> durch.<\/p>\n<p>Zusammensetzung<br \/>\n\u2014\u2014\u2014\u2014\u2014\u2014\u2014\u2014\u2014\u2014\u2014\u2014\u2014\u2014\u2014<br \/>\n9.98% Aloe vera saft, Herkunftsland: Honduras<br \/>\n0.02% Kalium-Sorbat<br \/>\npasteurisiert<\/p>\n<\/div>\n<div class=\"woocommerce-product-details__short-description\">\n<p>N\u00e4hrwerte (ungef\u00e4hre), pro 100 ml<br \/>\n\u2014\u2014\u2014\u2014\u2014\u2014\u2014\u2014\u2014\u2014\u2014\u2014\u2014\u2014\u2014<br \/>\nEnergiewert 13.7 kJ (3.3 kcal)<br \/>\nEiweiss: 0.1 g<br \/>\nKohlenhydrate: 0.4 g (dont sucre 0.1 g)<br \/>\nFett: 0.01 g<br \/>\nSalz: 0.01 g<\/p>\n<p>Benutzungsrat<br \/>\n\u2014\u2014\u2014\u2014\u2014\u2014\u2014\u2014\u2014\u2014\u2014\u2014\u2014\u2014\u2014<br \/>\n1 Teel\u00f6ffel vor jeder Mahlzeit.<br \/>\n3-6-Wochen-Kur<\/p>\n<\/div>\n","protected":false},"excerpt":{"rendered":"<p>Alle Wohltaten der Aloe vera in einem Saft Getr\u00e4nk ___________________________________ Das Produkt, das hier ausgestellt und vermarktet wird, ist der Aloe vera Saft. Dieses Getr\u00e4nk ist zu 99.98% reines Gel der Aloe vera Bl\u00e4tter. Dazu wird 0.02% Kaliumsorbat als einziges Konservierungsmittel hinzugef\u00fcgt. Der Begriff \u00ab\u00a0Sorbat\u00a0\u00bb kommt aus dem lateinischen Namen der Vogelbeere (Eberesche, Sorbus aucuparia), [&hellip;]<\/p>\n","protected":false},"featured_media":589,"comment_status":"open","ping_status":"closed","template":"","meta":[],"_links":{"self":[{"href":"http:\/\/www.epicura.biz\/new\/wp-json\/wp\/v2\/product\/595"}],"collection":[{"href":"http:\/\/www.epicura.biz\/new\/wp-json\/wp\/v2\/product"}],"about":[{"href":"http:\/\/www.epicura.biz\/new\/wp-json\/wp\/v2\/types\/product"}],"replies":[{"embeddable":true,"href":"http:\/\/www.epicura.biz\/new\/wp-json\/wp\/v2\/comments?post=595"}],"wp:featuredmedia":[{"embeddable":true,"href":"http:\/\/www.epicura.biz\/new\/wp-json\/wp\/v2\/media\/589"}],"wp:attachment":[{"href":"http:\/\/www.epicura.biz\/new\/wp-json\/wp\/v2\/media?parent=595"}],"curies":[{"name":"wp","href":"https:\/\/api.w.org\/{rel}","templated":true}]}}